{"id":6,"date":"2018-01-17T11:34:02","date_gmt":"2018-01-17T10:34:02","guid":{"rendered":"http:\/\/www.newtritionink.de\/fungus_akademie\/?page_id=6"},"modified":"2021-09-02T11:25:25","modified_gmt":"2021-09-02T09:25:25","slug":"willkommen-bei-der-fungus-akademie","status":"publish","type":"page","link":"http:\/\/www.newtritionink.de\/fungus_akademie\/","title":{"rendered":"Willkommen bei der Fungus Akademie"},"content":{"rendered":"<p><a href=\"http:\/\/www.newtritionink.de\/fungus_akademie\/wp-content\/uploads\/2018\/01\/Fungus_Akademie.jpg\" rel=\"wpdevart_lightbox\"><img loading=\"lazy\" class=\"alignright wp-image-26\" style=\"margin-right: 50px;\" src=\"http:\/\/www.newtritionink.de\/fungus_akademie\/wp-content\/uploads\/2018\/01\/Fungus_Akademie.jpg\" alt=\"\" width=\"375\" height=\"500\" srcset=\"http:\/\/www.newtritionink.de\/fungus_akademie\/wp-content\/uploads\/2018\/01\/Fungus_Akademie.jpg 720w, http:\/\/www.newtritionink.de\/fungus_akademie\/wp-content\/uploads\/2018\/01\/Fungus_Akademie-225x300.jpg 225w, http:\/\/www.newtritionink.de\/fungus_akademie\/wp-content\/uploads\/2018\/01\/Fungus_Akademie-624x832.jpg 624w\" sizes=\"(max-width: 375px) 100vw, 375px\" \/><\/a><\/p>\n<p>&nbsp;<\/p>\n<p>&nbsp;<\/p>\n<p style=\"text-align: center;\"><span style=\"font-size: 20px;\">In der Fungus Akademie m\u00f6chte ich<br \/>\n die faszinierende Welt der Pilze beleuchten.<br \/>\n Mit meiner Leidenschaft f\u00fcr die Mykologie soll<br \/>\n diese Lebensform entmystifiziert und ihr Lob<br \/>\n gepriesen werden, denn das <strong>MYCELLENNIUM<\/strong><br \/>\n leitet sich ein in vielversprechenden neuen<br \/>\n Erkenntnissen zur \u00d6kologisierung aller<br \/>\n menschlichen Handlungen!<\/span><\/p>\n<p style=\"clear: both;\">\u00a0<\/p>\n<p style=\"text-align: center;\"><span style=\"font-size: 20px;\">Denn Fungis k\u00f6nnten ma\u00dfgeblich dazu beitragen die Welt besser<br \/>\n zu ern\u00e4hren, die Mykofiltrierung k\u00f6nnte unsere gesamte<br \/>\n Wasserwirtschaft nachhaltig verbessern und vielerlei Schadstoffe<br \/>\n und Umweltgifte r\u00fcckstandslos beseitigen. Die Forschung zeigt<br \/>\n z.B. das auch die Plastikm\u00fcll Problematik ihre k\u00fchnste L\u00f6sung<br \/>\n im Abbau durch fungale Organismen findet.<\/span><\/p>\n<p>&nbsp;<\/p>\n<p style=\"text-align: center;\"><span style=\"font-size: 20px;\">F\u00fcr Landwirtschaft und Gartenkultur bedeutet ihr Anbau ein neues<br \/>\n Level der Permakultur umzusetzen, wenn Nahrungspflanzen und<br \/>\n Speisepilze in einer Symbiose gedeihen w\u00fcrden.<br \/>\n Die \u201eSchwammerl\u201c k\u00f6nnten somit viele offene Fragen auf der<br \/>\n Dringlichkeits-To Do Liste unserer Zivilisation einfach wegwischen!<\/span><\/p>\n<p>&nbsp;<\/p>\n<p><a href=\"http:\/\/www.newtritionink.de\/fungus_akademie\/wp-content\/uploads\/2018\/01\/Fungus-Akademie-3-1.jpg\" rel=\"wpdevart_lightbox\"><img loading=\"lazy\" class=\"aligncenter wp-image-46\" src=\"http:\/\/www.newtritionink.de\/fungus_akademie\/wp-content\/uploads\/2018\/01\/Fungus-Akademie-3-1.jpg\" alt=\"\" width=\"349\" height=\"400\" srcset=\"http:\/\/www.newtritionink.de\/fungus_akademie\/wp-content\/uploads\/2018\/01\/Fungus-Akademie-3-1.jpg 2018w, http:\/\/www.newtritionink.de\/fungus_akademie\/wp-content\/uploads\/2018\/01\/Fungus-Akademie-3-1-262x300.jpg 262w, http:\/\/www.newtritionink.de\/fungus_akademie\/wp-content\/uploads\/2018\/01\/Fungus-Akademie-3-1-768x881.jpg 768w, http:\/\/www.newtritionink.de\/fungus_akademie\/wp-content\/uploads\/2018\/01\/Fungus-Akademie-3-1-893x1024.jpg 893w, http:\/\/www.newtritionink.de\/fungus_akademie\/wp-content\/uploads\/2018\/01\/Fungus-Akademie-3-1-624x716.jpg 624w\" sizes=\"(max-width: 349px) 100vw, 349px\" \/><\/a><\/p>\n<p style=\"text-align: center;\"><span style=\"font-size: 20px;\">W\u00e4hrend der Durchschnittskonsument kaum mehr als drei oder vier<br \/>\n Pilzarten nutzt, bietet das gigantische Reich der \u201eMushrooms\u201c<br \/>\n unglaublich viele hochwirksame Substanzen zur k\u00f6rperlichen<br \/>\n Restauration und Heilung, deren Erforschung unser<br \/>\n Gesundheitsmanagement optimieren und auch jeden Bereich<br \/>\n unserer Esskultur bereichern w\u00fcrde.<\/span><\/p>\n<p style=\"text-align: center;\"><span style=\"font-size: 20px;\">Ihre Bedeutung in der Natur und f\u00fcr uns Menschen macht sie zum<br \/>\n unverzichtbaren Bestandteil eines zeitgem\u00e4\u00dfen und ganzheitlichen<br \/>\n Speiseplans. Ihre Wertsch\u00e4tzung und Kultur zu f\u00f6rdern ein wichtiger<br \/>\n Beitrag zur Bildung einer nachhaltigen Entwicklung.<\/span><\/p>\n<p><a href=\"http:\/\/www.newtritionink.de\/fungus_akademie\/wp-content\/uploads\/2018\/01\/Fungus-Akademie-2-1.jpg\" rel=\"wpdevart_lightbox\"><img loading=\"lazy\" class=\"wp-image-64 aligncenter\" src=\"http:\/\/www.newtritionink.de\/fungus_akademie\/wp-content\/uploads\/2018\/01\/Fungus-Akademie-2-1-1024x716.jpg\" alt=\"\" width=\"572\" height=\"400\" srcset=\"http:\/\/www.newtritionink.de\/fungus_akademie\/wp-content\/uploads\/2018\/01\/Fungus-Akademie-2-1-1024x716.jpg 1024w, http:\/\/www.newtritionink.de\/fungus_akademie\/wp-content\/uploads\/2018\/01\/Fungus-Akademie-2-1-300x210.jpg 300w, http:\/\/www.newtritionink.de\/fungus_akademie\/wp-content\/uploads\/2018\/01\/Fungus-Akademie-2-1-768x537.jpg 768w, http:\/\/www.newtritionink.de\/fungus_akademie\/wp-content\/uploads\/2018\/01\/Fungus-Akademie-2-1-624x436.jpg 624w\" sizes=\"(max-width: 572px) 100vw, 572px\" \/><\/a><\/p>\n<p style=\"text-align: center;\"><span style=\"font-size: 20px;\">Wie also kann man den landwirtschaftlichen Sch\u00e4dling<br \/>\n \u201eMaisbeulenbrand\u201c als Delikatesse erschlie\u00dfen, gilt es zu ergr\u00fcnden.<\/span><\/p>\n<p style=\"text-align: center;\"><span style=\"font-size: 20px;\">Auf spannende Fragen unserer Zeit bietet die Mykologie spektakul\u00e4re<br \/>\n Antworten. Und der Prozess mir eine Infrastruktur zu bilden, um<br \/>\n zuk\u00fcnftig mal mindestens 50 verschiedene Pilzarten in meinem<br \/>\n Speiseplan zu etablieren, soll hier dokumentiert werden.<\/span><\/p>\n<p style=\"text-align: center;\"><span style=\"font-size: 20px;\">In diesem Sinn werde ich in Zukunft am Campus auch eine Pilz AG<br \/>\n anbieten und auf dieser Plattform, in Zusammenarbeit mit<br \/>\n verschiedenen Pilzexperten, auch weitere Formate organisieren.<\/span><\/p>\n<p style=\"text-align: center;\"><span style=\"font-size: 20px;\">Mit der Pilzschule Hessen veranstalte ich in diesem Jahr erstmals<br \/>\n Kochevents um Zucht-und Wildpilze vorzustellen und als Pilz Coach<br \/>\n m\u00f6chte ich zuk\u00fcnftig zu jeder Jahreszeit Pilze erkunden und diese<br \/>\n Kenntnisse auch meinen Seminarteilnehmern und Sch\u00fclern vermitteln.<\/span><\/p>\n<p>&nbsp;<\/p>\n<p style=\"text-align: center;\"><span style=\"font-size: 20px;\">13.- 14.04.2019 \u2013 Morcheln &amp; B\u00e4rlauch<br \/>\n mit Pilzberater Dietmar Kr\u00fcger &amp; Peter Becker<br \/>\n N\u00e4here Infos: <a href=\"http:\/\/www.derpilzberater.de\/termine-2018.html\">Der Pilzberater &#8211; Termine-2019<\/a><\/span><\/p>\n<p style=\"text-align: center;\"><span style=\"font-size: 20px;\">Weitere Termine folgen an dieser Stelle oder auf:<br \/>\n <a href=\"http:\/\/newsletter-knoetrich-manufaktur.blogspot.de\/\">Peters Newsletters Blog<\/a><\/span><\/p>\n","protected":false},"excerpt":{"rendered":"<p>&nbsp; &nbsp; In der Fungus Akademie m\u00f6chte ich die faszinierende Welt der Pilze beleuchten. Mit meiner Leidenschaft f\u00fcr die Mykologie soll diese Lebensform entmystifiziert und ihr Lob gepriesen werden, denn das MYCELLENNIUM leitet sich ein in vielversprechenden neuen Erkenntnissen zur \u00d6kologisierung aller menschlichen Handlungen! \u00a0 Denn Fungis k\u00f6nnten ma\u00dfgeblich dazu beitragen die Welt besser zu [&hellip;]<\/p>\n","protected":false},"author":1,"featured_media":0,"parent":0,"menu_order":0,"comment_status":"closed","ping_status":"closed","template":"","meta":[],"_links":{"self":[{"href":"http:\/\/www.newtritionink.de\/fungus_akademie\/wp-json\/wp\/v2\/pages\/6"}],"collection":[{"href":"http:\/\/www.newtritionink.de\/fungus_akademie\/wp-json\/wp\/v2\/pages"}],"about":[{"href":"http:\/\/www.newtritionink.de\/fungus_akademie\/wp-json\/wp\/v2\/types\/page"}],"author":[{"embeddable":true,"href":"http:\/\/www.newtritionink.de\/fungus_akademie\/wp-json\/wp\/v2\/users\/1"}],"replies":[{"embeddable":true,"href":"http:\/\/www.newtritionink.de\/fungus_akademie\/wp-json\/wp\/v2\/comments?post=6"}],"version-history":[{"count":56,"href":"http:\/\/www.newtritionink.de\/fungus_akademie\/wp-json\/wp\/v2\/pages\/6\/revisions"}],"predecessor-version":[{"id":81,"href":"http:\/\/www.newtritionink.de\/fungus_akademie\/wp-json\/wp\/v2\/pages\/6\/revisions\/81"}],"wp:attachment":[{"href":"http:\/\/www.newtritionink.de\/fungus_akademie\/wp-json\/wp\/v2\/media?parent=6"}],"curies":[{"name":"wp","href":"https:\/\/api.w.org\/{rel}","templated":true}]}}